{"id":642,"date":"2017-12-17T16:34:58","date_gmt":"2017-12-17T16:34:58","guid":{"rendered":"http:\/\/american-care.com\/new_2018\/our-story-di\/"},"modified":"2020-07-22T07:27:32","modified_gmt":"2020-07-22T07:27:32","slug":"impressum-2","status":"publish","type":"page","link":"http:\/\/american-care.com\/new_2018\/impressum-2","title":{"rendered":"Impressum"},"content":{"rendered":"<header>\n<h1 class=\"title\"><\/h1>\n<\/header>\n<div class=\"content clearfix\">\n<div>Angaben gem\u00e4\u00df \u00a7 5 TMG:<\/div>\n<div>American Medical Center GbR<\/div>\n<div>Bahnstr. 104<\/div>\n<div>66849 Landstuhl<\/div>\n<div><\/div>\n<div>Gesellschafter:<\/div>\n<div>Carla Frankart<\/div>\n<div><\/div>\n<div>Kontakt:<\/div>\n<div>Telefon: (06371) 495021<\/div>\n<div>E-Mail: frontdesk@mvz-westpfalz.com<span id=\"cloak01c1f852eddc23fb5291c0995e63d902\"><\/span><\/div>\n<div>Umsatzsteuer-ID:<\/div>\n<div><\/div>\n<div>Umsatzsteuer-Identifikationsnummer gem\u00e4\u00df \u00a727 a Umsatzsteuergesetz:<\/div>\n<div>25\/220\/09084<\/div>\n<div><\/div>\n<div><\/div>\n<div>Quelle: https:\/\/www.e-recht24.de<\/div>\n<div><\/div>\n<div>Datenschutzerkl\u00e4rung<\/div>\n<div>Datenschutz<\/div>\n<div><\/div>\n<div>Die Betreiber dieser Seiten nehmen den Schutz Ihrer pers\u00f6nlichen Daten sehr ernst. Wir behandeln Ihre personenbezogenen Daten vertraulich und entsprechend der gesetzlichen Datenschutzvorschriften sowie dieser Datenschutzerkl\u00e4rung.<\/div>\n<div><\/div>\n<div>Die Nutzung unserer Webseite ist in der Regel ohne Angabe personenbezogener Daten m\u00f6glich. Soweit auf unseren Seiten personenbezogene Daten (beispielsweise Name, Anschrift oder E-Mail-Adressen) erhoben werden, erfolgt dies, soweit m\u00f6glich, stets auf freiwilliger Basis. Diese Daten werden ohne Ihre ausdr\u00fcckliche Zustimmung nicht an Dritte weitergegeben.<\/div>\n<div><\/div>\n<div>Wir weisen darauf hin, dass die Daten\u00fcbertragung im Internet (z.B. bei der Kommunikation per E-Mail) Sicherheitsl\u00fccken aufweisen kann. Ein l\u00fcckenloser Schutz der Daten vor dem Zugriff durch Dritte ist nicht m\u00f6glich.<\/div>\n<div><\/div>\n<div><\/div>\n<div><\/div>\n<div>Datenschutzerkl\u00e4rung f\u00fcr die Nutzung von etracker<\/div>\n<div><\/div>\n<div>Unsere Webseite nutzt den Analysedienst etracker. Anbieter ist die etracker GmbH, Erste Brunnenstra\u00dfe 1, 20459 Hamburg Germany. Aus den Daten k\u00f6nnen unter einem Pseudonym Nutzungsprofile erstellt werden. Dazu k\u00f6nnen Cookies eingesetzt werden. Bei Cookies handelt es sich um kleine Textdateien, die lokal im Zwischenspeicher Ihres Internet-Browsers gespeichert werden. Die Cookies erm\u00f6glichen es, Ihren Browser wieder zu erkennen. Die mit den etracker-Technologien erhobenen Daten werden ohne die gesondert erteilte Zustimmung des Betroffenen nicht genutzt, Besucher unserer Website pers\u00f6nlich zu identifizieren und werden nicht mit personenbezogenen Daten \u00fcber den Tr\u00e4ger des Pseudonyms zusammengef\u00fchrt.<\/div>\n<div><\/div>\n<div>Der Datenerhebung und -speicherung k\u00f6nnen Sie jederzeit mit Wirkung f\u00fcr die Zukunft widersprechen. Um einer Datenerhebung und -speicherung Ihrer Besucherdaten f\u00fcr die Zukunft zu widersprechen, k\u00f6nnen Sie unter nachfolgendem Link ein Opt-Out-Cookie von etracker beziehen, dieser bewirkt, dass zuk\u00fcnftig keine Besucherdaten Ihres Browsers bei etracker erhoben und gespeichert werden: http:\/\/www.etracker.de\/privacy?et=V23Jbb<\/div>\n<div><\/div>\n<div>Dadurch wird ein Opt-Out-Cookie mit dem Namen &#8220;cntcookie&#8221; von etracker gesetzt. Bitte l\u00f6schen Sie diesen Cookie nicht, solange Sie Ihren Widerspruch aufrecht erhalten m\u00f6chten. Weitere Informationen finden Sie in den Datenschutzbestimmungen von etracker: http:\/\/www.etracker.com\/de\/datenschutz.html<\/div>\n<div><\/div>\n<div>Datenschutzerkl\u00e4rung f\u00fcr die Nutzung von Facebook-Plugins (Like-Button)<\/div>\n<div><\/div>\n<div>Auf unseren Seiten sind Plugins des sozialen Netzwerks Facebook, Anbieter Facebook Inc., 1 Hacker Way, Menlo Park, California 94025, USA, integriert. Die Facebook-Plugins erkennen Sie an dem Facebook-Logo oder dem &#8220;Like-Button&#8221; (&#8220;Gef\u00e4llt mir&#8221;) auf unserer Seite. Eine \u00fcbersicht \u00fcber die Facebook-Plugins finden Sie hier: http:\/\/developers.facebook.com\/docs\/plugins\/.<\/div>\n<div><\/div>\n<div>Wenn Sie unsere Seiten besuchen, wird \u00fcber das Plugin eine direkte Verbindung zwischen Ihrem Browser und dem Facebook-Server hergestellt. Facebook erh\u00e4lt dadurch die Information, dass Sie mit Ihrer IP-Adresse unsere Seite besucht haben. Wenn Sie den Facebook &#8220;Like-Button&#8221; anklicken w\u00e4hrend Sie in Ihrem Facebook-Account eingeloggt sind, k\u00f6nnen Sie die Inhalte unserer Seiten auf Ihrem Facebook-Profil verlinken. Dadurch kann Facebook den Besuch unserer Seiten Ihrem Benutzerkonto zuordnen. Wir weisen darauf hin, dass wir als Anbieter der Seiten keine Kenntnis vom Inhalt der \u00fcbermittelten Daten sowie deren Nutzung durch Facebook erhalten. Weitere Informationen hierzu finden Sie in der Datenschutzerkl\u00e4rung von Facebook unter http:\/\/de-de.facebook.com\/policy.php.<\/div>\n<div><\/div>\n<div>Wenn Sie nicht w\u00fcnschen, dass Facebook den Besuch unserer Seiten Ihrem Facebook-Nutzerkonto zuordnen kann, loggen Sie sich bitte aus Ihrem Facebook-Benutzerkonto aus.<\/div>\n<\/div>\n","protected":false},"excerpt":{"rendered":"<p>Angaben gem\u00e4\u00df \u00a7 5 TMG: American Medical Center GbR Bahnstr. 104 66849 Landstuhl Gesellschafter: Carla Frankart Kontakt: Telefon: (06371) 495021 E-Mail: frontdesk@mvz-westpfalz.com Umsatzsteuer-ID: Umsatzsteuer-Identifikationsnummer gem\u00e4\u00df \u00a727 a Umsatzsteuergesetz: 25\/220\/09084 Quelle: https:\/\/www.e-recht24.de Datenschutzerkl\u00e4rung Datenschutz Die Betreiber dieser Seiten nehmen den Schutz Ihrer pers\u00f6nlichen Daten sehr ernst. Wir behandeln Ihre personenbezogenen Daten vertraulich und entsprechend der gesetzlichen&hellip;<\/p>\n","protected":false},"author":4,"featured_media":0,"parent":0,"menu_order":0,"comment_status":"closed","ping_status":"closed","template":"template.sponsor.php","meta":[],"_links":{"self":[{"href":"http:\/\/american-care.com\/new_2018\/wp-json\/wp\/v2\/pages\/642"}],"collection":[{"href":"http:\/\/american-care.com\/new_2018\/wp-json\/wp\/v2\/pages"}],"about":[{"href":"http:\/\/american-care.com\/new_2018\/wp-json\/wp\/v2\/types\/page"}],"author":[{"embeddable":true,"href":"http:\/\/american-care.com\/new_2018\/wp-json\/wp\/v2\/users\/4"}],"replies":[{"embeddable":true,"href":"http:\/\/american-care.com\/new_2018\/wp-json\/wp\/v2\/comments?post=642"}],"version-history":[{"count":7,"href":"http:\/\/american-care.com\/new_2018\/wp-json\/wp\/v2\/pages\/642\/revisions"}],"predecessor-version":[{"id":1125,"href":"http:\/\/american-care.com\/new_2018\/wp-json\/wp\/v2\/pages\/642\/revisions\/1125"}],"wp:attachment":[{"href":"http:\/\/american-care.com\/new_2018\/wp-json\/wp\/v2\/media?parent=642"}],"curies":[{"name":"wp","href":"https:\/\/api.w.org\/{rel}","templated":true}]}}